{"id":126,"date":"2018-10-12T11:06:16","date_gmt":"2018-10-12T11:06:16","guid":{"rendered":"http:\/\/rostundrubel.com\/?page_id=126"},"modified":"2018-12-19T14:36:24","modified_gmt":"2018-12-19T14:36:24","slug":"sommerschule-2018-ton-dokumentation","status":"publish","type":"page","link":"https:\/\/rostundrubel.com\/?page_id=126","title":{"rendered":"Sommerschule 2018 \u2013 Ton-Dokumentation"},"content":{"rendered":"<p><img decoding=\"async\" loading=\"lazy\" class=\"size-large wp-image-152 aligncenter\" src=\"http:\/\/rostundrubel.com\/wp-content\/uploads\/2018\/12\/P1060748-1024x576.jpg\" alt=\"\" width=\"800\" height=\"450\" srcset=\"https:\/\/rostundrubel.com\/wp-content\/uploads\/2018\/12\/P1060748-1024x576.jpg 1024w, https:\/\/rostundrubel.com\/wp-content\/uploads\/2018\/12\/P1060748-300x169.jpg 300w, https:\/\/rostundrubel.com\/wp-content\/uploads\/2018\/12\/P1060748-768x432.jpg 768w\" sizes=\"(max-width: 800px) 100vw, 800px\" \/><\/p>\n<p>Initiiert von Maria Magdalena Schwaegermann fand Ende August 2018 ein Workshop zur Weiterbildung von &#8218;Stimm und Raumerfahrung&#8216; unter der Leitung von Mareike Dobewall in Demmin statt. Neben dem gro\u00dfen Interesse des Peene-Chors nahmen weitere Menschen aus dem Raum Demmin teil. Mit viel Freude trafen wir uns an der alten Burgruine \/ dem Haus Demmin und tauschten uns \u00fcber die Geschichte des Ortes aus, um diesen nicht nur klanglich &#8218;wiederzubeleben&#8216;.<\/p>\n<p>Meine Aufgabe bestand darin eine Ton-Dokumentation der Schlusspr\u00e4sentation(en) und des Workshops anzufertigen. Einerseits dient diese Dokumentation als Material zur Ausw<\/p>\n<p>ertung f\u00fcr Mareike, da der Workshop im Rahmen mehrerer Projekte ihrer angehenden Doktorarbeit stattfand, andererseits als ein Beginn einer \u00dcberlegung ein &#8218;Orales-Archiv&#8216; der Stadtgeschichte zu f\u00fchren (erst eine gemeinsame Idee). Au\u00dferdem war es uns ein Anliegen allen Teilnehmern eine h\u00f6rbare Erinnerung mitzugeben.<\/p>\n<p>Da es Vorort keine Stromversorgung gab entschied ich mich mobil mit einem Stereo \u2013 Audiorecorder aufzunehmen, an dem ich zus\u00e4tzlich ein bis zwei Gro\u00dfmembran-Mikrofone anschloss. An einem St\u00e4nder, trittschallsicher gelagert, konnte ich so schnell genug die unterschiedlichen Punkte auf dem Gelende, an dem die Teilnehmer probten, akustisch einfangen<\/p>\n<p>&nbsp;<\/p>\n<p>&nbsp;<\/p>\n<p><img decoding=\"async\" loading=\"lazy\" class=\"size-large wp-image-155 aligncenter\" src=\"http:\/\/rostundrubel.com\/wp-content\/uploads\/2018\/12\/20180820_192827-e1545229696754-576x1024.jpg\" alt=\"\" width=\"576\" height=\"1024\" srcset=\"https:\/\/rostundrubel.com\/wp-content\/uploads\/2018\/12\/20180820_192827-e1545229696754-576x1024.jpg 576w, https:\/\/rostundrubel.com\/wp-content\/uploads\/2018\/12\/20180820_192827-e1545229696754-169x300.jpg 169w, https:\/\/rostundrubel.com\/wp-content\/uploads\/2018\/12\/20180820_192827-e1545229696754-768x1365.jpg 768w, https:\/\/rostundrubel.com\/wp-content\/uploads\/2018\/12\/20180820_192827-e1545229696754.jpg 1836w\" sizes=\"(max-width: 576px) 100vw, 576px\" \/><\/p>\n<p>&nbsp;<\/p>\n<p>&nbsp;<\/p>\n<p>&nbsp;<\/p>\n<p>&nbsp;<\/p>\n<p>&nbsp;<\/p>\n<p>&nbsp;<\/p>\n<p>&nbsp;<\/p>\n<p>&nbsp;<\/p>\n<p>&nbsp;<\/p>\n<p>&nbsp;<\/p>\n<p>&nbsp;<\/p>\n<p>&nbsp;<\/p>\n<p>&nbsp;<\/p>\n","protected":false},"excerpt":{"rendered":"<p>Initiiert von Maria Magdalena Schwaegermann fand Ende August 2018 ein Workshop zur Weiterbildung von &#8218;Stimm und Raumerfahrung&#8216; unter der Leitung von Mareike Dobewall in Demmin statt. Neben dem gro\u00dfen Interesse des Peene-Chors nahmen weitere Menschen&hellip; <\/p>\n<p><a class=\"more-link\" href=\"https:\/\/rostundrubel.com\/?page_id=126\">Sommerschule 2018 \u2013 Ton-Dokumentation weiterlesen<\/a><\/p>\n","protected":false},"author":1,"featured_media":0,"parent":0,"menu_order":0,"comment_status":"closed","ping_status":"closed","template":"","meta":{"footnotes":""},"_links":{"self":[{"href":"https:\/\/rostundrubel.com\/index.php?rest_route=\/wp\/v2\/pages\/126"}],"collection":[{"href":"https:\/\/rostundrubel.com\/index.php?rest_route=\/wp\/v2\/pages"}],"about":[{"href":"https:\/\/rostundrubel.com\/index.php?rest_route=\/wp\/v2\/types\/page"}],"author":[{"embeddable":true,"href":"https:\/\/rostundrubel.com\/index.php?rest_route=\/wp\/v2\/users\/1"}],"replies":[{"embeddable":true,"href":"https:\/\/rostundrubel.com\/index.php?rest_route=%2Fwp%2Fv2%2Fcomments&post=126"}],"version-history":[{"count":6,"href":"https:\/\/rostundrubel.com\/index.php?rest_route=\/wp\/v2\/pages\/126\/revisions"}],"predecessor-version":[{"id":158,"href":"https:\/\/rostundrubel.com\/index.php?rest_route=\/wp\/v2\/pages\/126\/revisions\/158"}],"wp:attachment":[{"href":"https:\/\/rostundrubel.com\/index.php?rest_route=%2Fwp%2Fv2%2Fmedia&parent=126"}],"curies":[{"name":"wp","href":"https:\/\/api.w.org\/{rel}","templated":true}]}}