{"id":133,"date":"2018-10-12T11:16:34","date_gmt":"2018-10-12T11:16:34","guid":{"rendered":"http:\/\/rostundrubel.com\/?page_id=133"},"modified":"2018-12-19T14:01:27","modified_gmt":"2018-12-19T14:01:27","slug":"der-tisch-live-electro","status":"publish","type":"page","link":"https:\/\/rostundrubel.com\/?page_id=133","title":{"rendered":"Der Tisch &#8211; Live Electro"},"content":{"rendered":"<p>Eine &#8217;normale&#8216; Tischfl\u00e4che gemeinsam gef\u00fcllt mit Synthesizern, Drumcomputern, Samplern, Mischpult und kleinen (Percussions-) Instrumenten. Aus einer kleinen Idee von Julian Gypser und mir wurde eine interessante Herausforderung, als wir beschlossen auf Midi-Sync zu verzichten und alles zu improvisieren. Alles on-time im Takt der Maschinen zu spielen, effektieren, arrangieren brachte eine Vielzahl an Erfahrungen zum Fokus des Produzierens von Musik.<\/p>\n<p>Durch meinen Umzug von Graz zur\u00fcck nach Demmin pausiert das Projekt, doch zuvor spielten wir auf Hauspartys und einer Veranstaltung im Keller vom &#8218;Lendhaus23&#8216; (Graz). Derzeit suchen wir nach M\u00f6glichkeiten zur Weiterf\u00fchrung des Projekts. Nichts desto trotz flie\u00dfen immer wieder einige alte Aufnahmen und Einstellungen in aktuelle Produktionen mit ein.<img decoding=\"async\" loading=\"lazy\" class=\"alignright wp-image-148 size-full\" src=\"http:\/\/rostundrubel.com\/wp-content\/uploads\/2018\/12\/Keller___9.jpg\" alt=\"\" width=\"2596\" height=\"3894\" srcset=\"https:\/\/rostundrubel.com\/wp-content\/uploads\/2018\/12\/Keller___9.jpg 2596w, https:\/\/rostundrubel.com\/wp-content\/uploads\/2018\/12\/Keller___9-200x300.jpg 200w, https:\/\/rostundrubel.com\/wp-content\/uploads\/2018\/12\/Keller___9-768x1152.jpg 768w, https:\/\/rostundrubel.com\/wp-content\/uploads\/2018\/12\/Keller___9-683x1024.jpg 683w\" sizes=\"(max-width: 2596px) 100vw, 2596px\" \/><\/p>\n<p>&nbsp;<\/p>\n","protected":false},"excerpt":{"rendered":"<p>Eine &#8217;normale&#8216; Tischfl\u00e4che gemeinsam gef\u00fcllt mit Synthesizern, Drumcomputern, Samplern, Mischpult und kleinen (Percussions-) Instrumenten. Aus einer kleinen Idee von Julian Gypser und mir wurde eine interessante Herausforderung, als wir beschlossen auf Midi-Sync zu verzichten und&hellip; <\/p>\n<p><a class=\"more-link\" href=\"https:\/\/rostundrubel.com\/?page_id=133\">Der Tisch &#8211; Live Electro weiterlesen<\/a><\/p>\n","protected":false},"author":1,"featured_media":0,"parent":0,"menu_order":0,"comment_status":"closed","ping_status":"closed","template":"","meta":{"footnotes":""},"_links":{"self":[{"href":"https:\/\/rostundrubel.com\/index.php?rest_route=\/wp\/v2\/pages\/133"}],"collection":[{"href":"https:\/\/rostundrubel.com\/index.php?rest_route=\/wp\/v2\/pages"}],"about":[{"href":"https:\/\/rostundrubel.com\/index.php?rest_route=\/wp\/v2\/types\/page"}],"author":[{"embeddable":true,"href":"https:\/\/rostundrubel.com\/index.php?rest_route=\/wp\/v2\/users\/1"}],"replies":[{"embeddable":true,"href":"https:\/\/rostundrubel.com\/index.php?rest_route=%2Fwp%2Fv2%2Fcomments&post=133"}],"version-history":[{"count":4,"href":"https:\/\/rostundrubel.com\/index.php?rest_route=\/wp\/v2\/pages\/133\/revisions"}],"predecessor-version":[{"id":150,"href":"https:\/\/rostundrubel.com\/index.php?rest_route=\/wp\/v2\/pages\/133\/revisions\/150"}],"wp:attachment":[{"href":"https:\/\/rostundrubel.com\/index.php?rest_route=%2Fwp%2Fv2%2Fmedia&parent=133"}],"curies":[{"name":"wp","href":"https:\/\/api.w.org\/{rel}","templated":true}]}}