{"id":138,"date":"2018-10-12T11:21:41","date_gmt":"2018-10-12T11:21:41","guid":{"rendered":"http:\/\/rostundrubel.com\/?page_id=138"},"modified":"2018-10-12T11:21:41","modified_gmt":"2018-10-12T11:21:41","slug":"die-antilopenfrau-hoerbuch-lesung","status":"publish","type":"page","link":"https:\/\/rostundrubel.com\/?page_id=138","title":{"rendered":"Die Antilopenfrau &#8211; &#8218;H\u00f6rbuch&#8216; Lesung"},"content":{"rendered":"<p>Liana Kr\u00fcger lud mich 2014 ein eine ihrer Lesungen musikalisch zu begleiten. Es ging darum ausgew\u00e4hlte Textausschnitte aus dem Buch &#8218;Die Antilopenfrau&#8216; von Louise Erdrich wie ein H\u00f6rbuch Live zu pr\u00e4sentieren. Wir f\u00fchrten das Projekt dann in Trittelwitz, der Burg Mei\u00dfen und einer offenen Wohnzimmer-Lesung in Berlin auf.<\/p>\n<p>Das &#8218;H\u00f6rbuch&#8216; dauerte ca. eine Stunde. Zur Umsetzung entschied ich mich, grob zusammengefasst, f\u00fcr ein Live-Setup bei dem ich \u00fcber verschiedene Midi-Eingaben \u00fcber Ableton Effekte und Loops vor Ort aufnehmen \/ ver\u00e4ndern konnte. Pr\u00e4gend f\u00fcr die Klangcharakteristika war dabei eine selbstgebaute (Hohl-) Stabgeige, die im Prinzip nur aus einem fast geschlossenem PVC-Rohr mit Seitenf\u00fchrung (, Stimmwirbel) und einem Kontakt-Mikrofon bestand. Das Instrument konnte durch den holen Steg und dem Kontakt-Mikrofon somit auch als Tonabnehmer f\u00fcr verschiedene Lammelophone dienen, oder selbst als Percussion. Dazu traten weitere &#8218;klassische&#8216; kleine Percussion-Instrumente (aber auch ein leeres Fass), eine E-Gitarre und der Micro Korg Syntheziser dazu.<\/p>\n","protected":false},"excerpt":{"rendered":"<p>Liana Kr\u00fcger lud mich 2014 ein eine ihrer Lesungen musikalisch zu begleiten. Es ging darum ausgew\u00e4hlte Textausschnitte aus dem Buch &#8218;Die Antilopenfrau&#8216; von Louise Erdrich wie ein H\u00f6rbuch Live zu pr\u00e4sentieren. Wir f\u00fchrten das Projekt&hellip; <\/p>\n<p><a class=\"more-link\" href=\"https:\/\/rostundrubel.com\/?page_id=138\">Die Antilopenfrau &#8211; &#8218;H\u00f6rbuch&#8216; Lesung weiterlesen<\/a><\/p>\n","protected":false},"author":1,"featured_media":0,"parent":0,"menu_order":0,"comment_status":"closed","ping_status":"closed","template":"","meta":{"footnotes":""},"_links":{"self":[{"href":"https:\/\/rostundrubel.com\/index.php?rest_route=\/wp\/v2\/pages\/138"}],"collection":[{"href":"https:\/\/rostundrubel.com\/index.php?rest_route=\/wp\/v2\/pages"}],"about":[{"href":"https:\/\/rostundrubel.com\/index.php?rest_route=\/wp\/v2\/types\/page"}],"author":[{"embeddable":true,"href":"https:\/\/rostundrubel.com\/index.php?rest_route=\/wp\/v2\/users\/1"}],"replies":[{"embeddable":true,"href":"https:\/\/rostundrubel.com\/index.php?rest_route=%2Fwp%2Fv2%2Fcomments&post=138"}],"version-history":[{"count":1,"href":"https:\/\/rostundrubel.com\/index.php?rest_route=\/wp\/v2\/pages\/138\/revisions"}],"predecessor-version":[{"id":139,"href":"https:\/\/rostundrubel.com\/index.php?rest_route=\/wp\/v2\/pages\/138\/revisions\/139"}],"wp:attachment":[{"href":"https:\/\/rostundrubel.com\/index.php?rest_route=%2Fwp%2Fv2%2Fmedia&parent=138"}],"curies":[{"name":"wp","href":"https:\/\/api.w.org\/{rel}","templated":true}]}}